{"id":11,"date":"2025-11-12T10:44:31","date_gmt":"2025-11-12T10:44:31","guid":{"rendered":"https:\/\/gleicelim.rkinformatika.online\/?page_id=11"},"modified":"2025-11-13T08:08:08","modified_gmt":"2025-11-13T08:08:08","slug":"inicio","status":"publish","type":"page","link":"https:\/\/gleicelim.com\/eu\/","title":{"rendered":"Hasiera"},"content":{"rendered":"<div data-elementor-type=\"wp-page\" data-elementor-id=\"11\" class=\"elementor elementor-11\" data-elementor-post-type=\"page\">\n\t\t\t\t<div class=\"elementor-element elementor-element-dd3a636 e-flex e-con-boxed elementor-invisible e-con e-parent\" data-id=\"dd3a636\" data-element_type=\"container\" data-e-type=\"container\" data-settings=\"{&quot;background_background&quot;:&quot;classic&quot;,&quot;animation&quot;:&quot;fadeIn&quot;}\">\n\t\t\t\t\t<div class=\"e-con-inner\">\n\t\t<div class=\"elementor-element elementor-element-e3565cd e-con-full e-flex e-con e-child\" data-id=\"e3565cd\" data-element_type=\"container\" data-e-type=\"container\">\n\t\t\t\t<div class=\"elementor-element elementor-element-5fc615f elementor-widget elementor-widget-heading\" data-id=\"5fc615f\" data-element_type=\"widget\" data-e-type=\"widget\" data-widget_type=\"heading.default\">\n\t\t\t\t\t<h2 class=\"elementor-heading-title elementor-size-default\">Pasioz, kalitatez eta konfiantzaz pintatzea.<\/h2>\t\t\t\t<\/div>\n\t\t\t\t<\/div>\n\t\t\t\t\t<\/div>\n\t\t\t\t<\/div>\n\t\t<div class=\"elementor-element elementor-element-b503dab e-flex e-con-boxed e-con e-parent\" data-id=\"b503dab\" data-element_type=\"container\" data-e-type=\"container\">\n\t\t\t\t\t<div class=\"e-con-inner\">\n\t\t<div class=\"elementor-element elementor-element-499ce67 e-con-full e-flex e-con e-child\" data-id=\"499ce67\" data-element_type=\"container\" data-e-type=\"container\">\n\t\t\t\t<div class=\"elementor-element elementor-element-22ddcc8 elementor-invisible elementor-widget elementor-widget-image\" data-id=\"22ddcc8\" data-element_type=\"widget\" data-e-type=\"widget\" data-settings=\"{&quot;_animation&quot;:&quot;slideInLeft&quot;}\" data-widget_type=\"image.default\">\n\t\t\t\t\t\t\t\t\t\t\t\t\t\t\t<img fetchpriority=\"high\" decoding=\"async\" width=\"683\" height=\"1024\" src=\"https:\/\/gleicelim.com\/wp-content\/uploads\/2025\/11\/2151575625-683x1024.jpg\" class=\"attachment-large size-large wp-image-108\" alt=\"\" srcset=\"https:\/\/gleicelim.com\/wp-content\/uploads\/2025\/11\/2151575625-683x1024.jpg 683w, https:\/\/gleicelim.com\/wp-content\/uploads\/2025\/11\/2151575625-200x300.jpg 200w, https:\/\/gleicelim.com\/wp-content\/uploads\/2025\/11\/2151575625-768x1152.jpg 768w, https:\/\/gleicelim.com\/wp-content\/uploads\/2025\/11\/2151575625-8x12.jpg 8w, https:\/\/gleicelim.com\/wp-content\/uploads\/2025\/11\/2151575625.jpg 1000w\" sizes=\"(max-width: 683px) 100vw, 683px\" \/>\t\t\t\t\t\t\t\t\t\t\t\t\t\t\t<\/div>\n\t\t\t\t<\/div>\n\t\t<div class=\"elementor-element elementor-element-97b50ad e-con-full e-flex elementor-invisible e-con e-child\" data-id=\"97b50ad\" data-element_type=\"container\" data-e-type=\"container\" data-settings=\"{&quot;animation&quot;:&quot;bounce&quot;}\">\n\t\t\t\t<div class=\"elementor-element elementor-element-6814e1e elementor-invisible elementor-widget elementor-widget-heading\" data-id=\"6814e1e\" data-element_type=\"widget\" data-e-type=\"widget\" data-settings=\"{&quot;_animation&quot;:&quot;slideInDown&quot;}\" data-widget_type=\"heading.default\">\n\t\t\t\t\t<h2 class=\"elementor-heading-title elementor-size-default\">Nire Buruz<\/h2>\t\t\t\t<\/div>\n\t\t\t\t<div class=\"elementor-element elementor-element-0eebede elementor-invisible elementor-widget elementor-widget-text-editor\" data-id=\"0eebede\" data-element_type=\"widget\" data-e-type=\"widget\" data-settings=\"{&quot;_animation&quot;:&quot;slideInUp&quot;}\" data-widget_type=\"text-editor.default\">\n\t\t\t\t\t\t\t\t\t<p>Etxe-pintorea naiz, kolorearen eta xehetasunen bidez espazioak eraldatzeko grina duena. Zerbitzu profesionala, arduratsua eta pertsonalizatua eskaintzen dut, bezero bakoitzaren beharretara egokitua.<\/p><p>Duela bi urte hasi nuen bide hau, nire bezeroen etxe eta negozioei ukitu berri bat emateko asmoz. Ordutik, dedikazioarekin lan egin dut, proiektu bakoitza norberarena balitz bezala zainduz, pintura on batek giroa erabat alda dezakeela uste baitut.<\/p><p>\u00a0<\/p>\t\t\t\t\t\t\t\t<\/div>\n\t\t\t\t<\/div>\n\t\t\t\t\t<\/div>\n\t\t\t\t<\/div>\n\t\t\t\t<section class=\"elementor-section elementor-top-section elementor-element elementor-element-ffe270f elementor-section-boxed elementor-section-height-default elementor-section-height-default\" data-id=\"ffe270f\" data-element_type=\"section\" data-e-type=\"section\" data-settings=\"{&quot;background_background&quot;:&quot;classic&quot;}\">\n\t\t\t\t\t\t\t<div class=\"elementor-background-overlay\"><\/div>\n\t\t\t\t\t\t\t<div class=\"elementor-container elementor-column-gap-default\">\n\t\t\t\t\t<div class=\"elementor-column elementor-col-100 elementor-top-column elementor-element elementor-element-0b80685\" data-id=\"0b80685\" data-element_type=\"column\" data-e-type=\"column\">\n\t\t\t<div class=\"elementor-widget-wrap elementor-element-populated\">\n\t\t\t\t\t\t<div class=\"elementor-element elementor-element-b5010c8 elementor-widget__width-initial elementor-widget elementor-widget-heading\" data-id=\"b5010c8\" data-element_type=\"widget\" data-e-type=\"widget\" data-widget_type=\"heading.default\">\n\t\t\t\t\t<h2 class=\"elementor-heading-title elementor-size-default\">Xehetasun bakoitzak balio du, kolore bakoitzak inspiratzen du.<\/h2>\t\t\t\t<\/div>\n\t\t\t\t<div class=\"elementor-element elementor-element-0c9137a elementor-align-center elementor-widget elementor-widget-button\" data-id=\"0c9137a\" data-element_type=\"widget\" data-e-type=\"widget\" data-widget_type=\"button.default\">\n\t\t\t\t\t\t\t\t\t\t<a class=\"elementor-button elementor-button-link elementor-size-sm elementor-animation-hang\" href=\"https:\/\/gleicelim.com\/eu\/servicios\/\">\n\t\t\t\t\t\t<span class=\"elementor-button-content-wrapper\">\n\t\t\t\t\t\t\t\t\t<span class=\"elementor-button-text\">Zerbitzuak<\/span>\n\t\t\t\t\t<\/span>\n\t\t\t\t\t<\/a>\n\t\t\t\t\t\t\t\t<\/div>\n\t\t\t\t\t<\/div>\n\t\t<\/div>\n\t\t\t\t\t<\/div>\n\t\t<\/section>\n\t\t\t\t<\/div>","protected":false},"excerpt":{"rendered":"<p>Pintura con pasi\u00f3n, calidad y confianza. Sobre m\u00ed Soy pintora de casas, apasionada por transformar espacios a trav\u00e9s del color y los detalles. Me dedico a ofrecer un servicio profesional, responsable y personalizado, adaptado a las necesidades de cada cliente. Hace dos a\u00f1os comenc\u00e9 este camino con el prop\u00f3sito de dar un toque nuevo a [&hellip;]<\/p>\n","protected":false},"author":1,"featured_media":0,"parent":0,"menu_order":0,"comment_status":"closed","ping_status":"closed","template":"elementor_canvas","meta":{"footnotes":""},"class_list":["post-11","page","type-page","status-publish","hentry"],"yoast_head":"<!-- This site is optimized with the Yoast SEO plugin v27.3 - https:\/\/yoast.com\/product\/yoast-seo-wordpress\/ -->\n<title>Inicio - Gleice Painting Company<\/title>\n<meta name=\"robots\" content=\"index, follow, max-snippet:-1, max-image-preview:large, max-video-preview:-1\" \/>\n<link rel=\"canonical\" href=\"https:\/\/gleicelim.com\/eu\/\" \/>\n<meta property=\"og:locale\" content=\"en_US\" \/>\n<meta property=\"og:type\" content=\"article\" \/>\n<meta property=\"og:title\" content=\"Inicio - Gleice Painting Company\" \/>\n<meta property=\"og:description\" content=\"Pintura con pasi\u00f3n, calidad y confianza. Sobre m\u00ed Soy pintora de casas, apasionada por transformar espacios a trav\u00e9s del color y los detalles. Me dedico a ofrecer un servicio profesional, responsable y personalizado, adaptado a las necesidades de cada cliente. Hace dos a\u00f1os comenc\u00e9 este camino con el prop\u00f3sito de dar un toque nuevo a [&hellip;]\" \/>\n<meta property=\"og:url\" content=\"https:\/\/gleicelim.com\/eu\/\" \/>\n<meta property=\"og:site_name\" content=\"Gleice Painting Company\" \/>\n<meta property=\"article:modified_time\" content=\"2025-11-13T08:08:08+00:00\" \/>\n<meta property=\"og:image\" content=\"https:\/\/gleicelim.com\/wp-content\/uploads\/2025\/11\/2151575625.jpg\" \/>\n\t<meta property=\"og:image:width\" content=\"1000\" \/>\n\t<meta property=\"og:image:height\" content=\"1500\" \/>\n\t<meta property=\"og:image:type\" content=\"image\/jpeg\" \/>\n<meta name=\"twitter:card\" content=\"summary_large_image\" \/>\n<script type=\"application\/ld+json\" class=\"yoast-schema-graph\">{\"@context\":\"https:\\\/\\\/schema.org\",\"@graph\":[{\"@type\":\"WebPage\",\"@id\":\"https:\\\/\\\/gleicelim.com\\\/\",\"url\":\"https:\\\/\\\/gleicelim.com\\\/\",\"name\":\"Inicio - Gleice Painting Company\",\"isPartOf\":{\"@id\":\"https:\\\/\\\/gleicelim.com\\\/#website\"},\"primaryImageOfPage\":{\"@id\":\"https:\\\/\\\/gleicelim.com\\\/#primaryimage\"},\"image\":{\"@id\":\"https:\\\/\\\/gleicelim.com\\\/#primaryimage\"},\"thumbnailUrl\":\"https:\\\/\\\/gleicelim.com\\\/wp-content\\\/uploads\\\/2025\\\/11\\\/2151575625-683x1024.jpg\",\"datePublished\":\"2025-11-12T10:44:31+00:00\",\"dateModified\":\"2025-11-13T08:08:08+00:00\",\"breadcrumb\":{\"@id\":\"https:\\\/\\\/gleicelim.com\\\/#breadcrumb\"},\"inLanguage\":\"eu\",\"potentialAction\":[{\"@type\":\"ReadAction\",\"target\":[\"https:\\\/\\\/gleicelim.com\\\/\"]}]},{\"@type\":\"ImageObject\",\"inLanguage\":\"eu\",\"@id\":\"https:\\\/\\\/gleicelim.com\\\/#primaryimage\",\"url\":\"https:\\\/\\\/gleicelim.com\\\/wp-content\\\/uploads\\\/2025\\\/11\\\/2151575625-683x1024.jpg\",\"contentUrl\":\"https:\\\/\\\/gleicelim.com\\\/wp-content\\\/uploads\\\/2025\\\/11\\\/2151575625-683x1024.jpg\"},{\"@type\":\"BreadcrumbList\",\"@id\":\"https:\\\/\\\/gleicelim.com\\\/#breadcrumb\",\"itemListElement\":[{\"@type\":\"ListItem\",\"position\":1,\"name\":\"Portada\",\"item\":\"https:\\\/\\\/gleicelim.com\\\/\"},{\"@type\":\"ListItem\",\"position\":2,\"name\":\"Inicio\"}]},{\"@type\":\"WebSite\",\"@id\":\"https:\\\/\\\/gleicelim.com\\\/#website\",\"url\":\"https:\\\/\\\/gleicelim.com\\\/\",\"name\":\"Gleice Painting Company\",\"description\":\"\",\"publisher\":{\"@id\":\"https:\\\/\\\/gleicelim.com\\\/#organization\"},\"potentialAction\":[{\"@type\":\"SearchAction\",\"target\":{\"@type\":\"EntryPoint\",\"urlTemplate\":\"https:\\\/\\\/gleicelim.com\\\/?s={search_term_string}\"},\"query-input\":{\"@type\":\"PropertyValueSpecification\",\"valueRequired\":true,\"valueName\":\"search_term_string\"}}],\"inLanguage\":\"eu\"},{\"@type\":\"Organization\",\"@id\":\"https:\\\/\\\/gleicelim.com\\\/#organization\",\"name\":\"Gleice Painting Company\",\"url\":\"https:\\\/\\\/gleicelim.com\\\/\",\"logo\":{\"@type\":\"ImageObject\",\"inLanguage\":\"eu\",\"@id\":\"https:\\\/\\\/gleicelim.com\\\/#\\\/schema\\\/logo\\\/image\\\/\",\"url\":\"https:\\\/\\\/gleicelim.com\\\/wp-content\\\/uploads\\\/2025\\\/11\\\/cropped-logo_nuevo.png\",\"contentUrl\":\"https:\\\/\\\/gleicelim.com\\\/wp-content\\\/uploads\\\/2025\\\/11\\\/cropped-logo_nuevo.png\",\"width\":918,\"height\":379,\"caption\":\"Gleice Painting Company\"},\"image\":{\"@id\":\"https:\\\/\\\/gleicelim.com\\\/#\\\/schema\\\/logo\\\/image\\\/\"}}]}<\/script>\n<!-- \/ Yoast SEO plugin. -->","yoast_head_json":{"title":"Inicio - Gleice Painting Company","robots":{"index":"index","follow":"follow","max-snippet":"max-snippet:-1","max-image-preview":"max-image-preview:large","max-video-preview":"max-video-preview:-1"},"canonical":"https:\/\/gleicelim.com\/eu\/","og_locale":"en_US","og_type":"article","og_title":"Inicio - Gleice Painting Company","og_description":"Pintura con pasi\u00f3n, calidad y confianza. Sobre m\u00ed Soy pintora de casas, apasionada por transformar espacios a trav\u00e9s del color y los detalles. Me dedico a ofrecer un servicio profesional, responsable y personalizado, adaptado a las necesidades de cada cliente. Hace dos a\u00f1os comenc\u00e9 este camino con el prop\u00f3sito de dar un toque nuevo a [&hellip;]","og_url":"https:\/\/gleicelim.com\/eu\/","og_site_name":"Gleice Painting Company","article_modified_time":"2025-11-13T08:08:08+00:00","og_image":[{"width":1000,"height":1500,"url":"https:\/\/gleicelim.com\/wp-content\/uploads\/2025\/11\/2151575625.jpg","type":"image\/jpeg"}],"twitter_card":"summary_large_image","schema":{"@context":"https:\/\/schema.org","@graph":[{"@type":"WebPage","@id":"https:\/\/gleicelim.com\/","url":"https:\/\/gleicelim.com\/","name":"Inicio - Gleice Painting Company","isPartOf":{"@id":"https:\/\/gleicelim.com\/#website"},"primaryImageOfPage":{"@id":"https:\/\/gleicelim.com\/#primaryimage"},"image":{"@id":"https:\/\/gleicelim.com\/#primaryimage"},"thumbnailUrl":"https:\/\/gleicelim.com\/wp-content\/uploads\/2025\/11\/2151575625-683x1024.jpg","datePublished":"2025-11-12T10:44:31+00:00","dateModified":"2025-11-13T08:08:08+00:00","breadcrumb":{"@id":"https:\/\/gleicelim.com\/#breadcrumb"},"inLanguage":"eu","potentialAction":[{"@type":"ReadAction","target":["https:\/\/gleicelim.com\/"]}]},{"@type":"ImageObject","inLanguage":"eu","@id":"https:\/\/gleicelim.com\/#primaryimage","url":"https:\/\/gleicelim.com\/wp-content\/uploads\/2025\/11\/2151575625-683x1024.jpg","contentUrl":"https:\/\/gleicelim.com\/wp-content\/uploads\/2025\/11\/2151575625-683x1024.jpg"},{"@type":"BreadcrumbList","@id":"https:\/\/gleicelim.com\/#breadcrumb","itemListElement":[{"@type":"ListItem","position":1,"name":"Portada","item":"https:\/\/gleicelim.com\/"},{"@type":"ListItem","position":2,"name":"Inicio"}]},{"@type":"WebSite","@id":"https:\/\/gleicelim.com\/#website","url":"https:\/\/gleicelim.com\/","name":"Gleice Painting Company","description":"","publisher":{"@id":"https:\/\/gleicelim.com\/#organization"},"potentialAction":[{"@type":"SearchAction","target":{"@type":"EntryPoint","urlTemplate":"https:\/\/gleicelim.com\/?s={search_term_string}"},"query-input":{"@type":"PropertyValueSpecification","valueRequired":true,"valueName":"search_term_string"}}],"inLanguage":"eu"},{"@type":"Organization","@id":"https:\/\/gleicelim.com\/#organization","name":"Gleice Painting Company","url":"https:\/\/gleicelim.com\/","logo":{"@type":"ImageObject","inLanguage":"eu","@id":"https:\/\/gleicelim.com\/#\/schema\/logo\/image\/","url":"https:\/\/gleicelim.com\/wp-content\/uploads\/2025\/11\/cropped-logo_nuevo.png","contentUrl":"https:\/\/gleicelim.com\/wp-content\/uploads\/2025\/11\/cropped-logo_nuevo.png","width":918,"height":379,"caption":"Gleice Painting Company"},"image":{"@id":"https:\/\/gleicelim.com\/#\/schema\/logo\/image\/"}}]}},"_links":{"self":[{"href":"https:\/\/gleicelim.com\/eu\/wp-json\/wp\/v2\/pages\/11","targetHints":{"allow":["GET"]}}],"collection":[{"href":"https:\/\/gleicelim.com\/eu\/wp-json\/wp\/v2\/pages"}],"about":[{"href":"https:\/\/gleicelim.com\/eu\/wp-json\/wp\/v2\/types\/page"}],"author":[{"embeddable":true,"href":"https:\/\/gleicelim.com\/eu\/wp-json\/wp\/v2\/users\/1"}],"replies":[{"embeddable":true,"href":"https:\/\/gleicelim.com\/eu\/wp-json\/wp\/v2\/comments?post=11"}],"version-history":[{"count":37,"href":"https:\/\/gleicelim.com\/eu\/wp-json\/wp\/v2\/pages\/11\/revisions"}],"predecessor-version":[{"id":211,"href":"https:\/\/gleicelim.com\/eu\/wp-json\/wp\/v2\/pages\/11\/revisions\/211"}],"wp:attachment":[{"href":"https:\/\/gleicelim.com\/eu\/wp-json\/wp\/v2\/media?parent=11"}],"curies":[{"name":"wp","href":"https:\/\/api.w.org\/{rel}","templated":true}]}}